{"id":7803,"date":"2011-10-30T01:37:01","date_gmt":"2011-10-30T01:37:01","guid":{"rendered":"http:\/\/www.televisionalternativa.es\/000\/?page_id=438"},"modified":"2011-10-30T01:37:01","modified_gmt":"2011-10-30T01:37:01","slug":"games-net-tech-2","status":"publish","type":"page","link":"https:\/\/www.televisionalternativa.es\/000\/?page_id=7803","title":{"rendered":"Games Net &#038; Tech"},"content":{"rendered":"<p>Games Net and Tech tratar\u00e1 de informar al p\u00fablico una completa informaci\u00f3n sobre las \u00faltimas novedades en el sector de los videojuegos para todo tipo de plataformas y sistemas operativos.<\/p>\n<p>El programa ofrece tambi\u00e9n a los jugadores consejos y \u201ctrucos\u201d, an\u00e1lisis de los videojuegos m\u00e1s interesantes del momento y los reportajes m\u00e1s atractivos sobre tecnolog\u00eda punta aplicada a los juegos .As\u00ed mismo informaremos de lo \u00faltimo en el mundo de la tecnolog\u00eda e internet.<\/p>\n<p><iframe loading=\"lazy\" width=\"640\" height=\"360\" src=\"http:\/\/www.youtube.com\/embed\/videoseries?list=PL6FC2972F0DC31E52&#038;autoplay=1\" frameborder=\"0\" allowfullscreen><\/iframe><\/p>\n","protected":false},"excerpt":{"rendered":"Games Net and Tech tratar\u00e1 de informar al p\u00fablico una completa informaci\u00f3n sobre las \u00faltimas novedades en el sector de los videojuegos para \n<a class=\"moretag\" href=\"https:\/\/www.televisionalternativa.es\/000\/?page_id=7803\"> [...]<\/a>","protected":false},"author":14,"featured_media":0,"parent":0,"menu_order":26,"comment_status":"closed","ping_status":"open","template":"","meta":{"footnotes":""},"class_list":["post-7803","page","type-page","status-publish","hentry"],"_links":{"self":[{"href":"https:\/\/www.televisionalternativa.es\/000\/index.php?rest_route=\/wp\/v2\/pages\/7803","targetHints":{"allow":["GET"]}}],"collection":[{"href":"https:\/\/www.televisionalternativa.es\/000\/index.php?rest_route=\/wp\/v2\/pages"}],"about":[{"href":"https:\/\/www.televisionalternativa.es\/000\/index.php?rest_route=\/wp\/v2\/types\/page"}],"author":[{"embeddable":true,"href":"https:\/\/www.televisionalternativa.es\/000\/index.php?rest_route=\/wp\/v2\/users\/14"}],"replies":[{"embeddable":true,"href":"https:\/\/www.televisionalternativa.es\/000\/index.php?rest_route=%2Fwp%2Fv2%2Fcomments&post=7803"}],"version-history":[{"count":0,"href":"https:\/\/www.televisionalternativa.es\/000\/index.php?rest_route=\/wp\/v2\/pages\/7803\/revisions"}],"wp:attachment":[{"href":"https:\/\/www.televisionalternativa.es\/000\/index.php?rest_route=%2Fwp%2Fv2%2Fmedia&parent=7803"}],"curies":[{"name":"wp","href":"https:\/\/api.w.org\/{rel}","templated":true}]}}