{"id":445,"date":"2011-10-30T01:40:27","date_gmt":"2011-10-30T01:40:27","guid":{"rendered":"http:\/\/www.televisionalternativa.es\/000\/?page_id=445"},"modified":"2014-03-29T14:22:33","modified_gmt":"2014-03-29T14:22:33","slug":"mp4-un-programa-de-musica","status":"publish","type":"page","link":"https:\/\/www.televisionalternativa.es\/000\/?page_id=445","title":{"rendered":"mp4 un programa de m\u00fasica"},"content":{"rendered":"<p>Mp4 es un nuevo concepto de espacio musical por internet , un espacio para los j\u00f3venes sin complejos, en el que traeremos las mejores entrevistas y m\u00fasica en directo .<\/p>\n<p><iframe loading=\"lazy\" width=\"640\" height=\"360\" src=\"http:\/\/www.youtube.com\/embed\/videoseries?list=PLC8E36B4AA968CDBE&#038;autoplay=1\" frameborder=\"0\" allowfullscreen><\/iframe><\/p>\n","protected":false},"excerpt":{"rendered":"Mp4 es un nuevo concepto de espacio musical por internet , un espacio para los j\u00f3venes sin complejos, en el que traeremos las \n<a class=\"moretag\" href=\"https:\/\/www.televisionalternativa.es\/000\/?page_id=445\"> [...]<\/a>","protected":false},"author":14,"featured_media":0,"parent":0,"menu_order":27,"comment_status":"closed","ping_status":"open","template":"","meta":{"footnotes":""},"class_list":["post-445","page","type-page","status-publish","hentry"],"_links":{"self":[{"href":"https:\/\/www.televisionalternativa.es\/000\/index.php?rest_route=\/wp\/v2\/pages\/445","targetHints":{"allow":["GET"]}}],"collection":[{"href":"https:\/\/www.televisionalternativa.es\/000\/index.php?rest_route=\/wp\/v2\/pages"}],"about":[{"href":"https:\/\/www.televisionalternativa.es\/000\/index.php?rest_route=\/wp\/v2\/types\/page"}],"author":[{"embeddable":true,"href":"https:\/\/www.televisionalternativa.es\/000\/index.php?rest_route=\/wp\/v2\/users\/14"}],"replies":[{"embeddable":true,"href":"https:\/\/www.televisionalternativa.es\/000\/index.php?rest_route=%2Fwp%2Fv2%2Fcomments&post=445"}],"version-history":[{"count":4,"href":"https:\/\/www.televisionalternativa.es\/000\/index.php?rest_route=\/wp\/v2\/pages\/445\/revisions"}],"predecessor-version":[{"id":448,"href":"https:\/\/www.televisionalternativa.es\/000\/index.php?rest_route=\/wp\/v2\/pages\/445\/revisions\/448"}],"wp:attachment":[{"href":"https:\/\/www.televisionalternativa.es\/000\/index.php?rest_route=%2Fwp%2Fv2%2Fmedia&parent=445"}],"curies":[{"name":"wp","href":"https:\/\/api.w.org\/{rel}","templated":true}]}}